{"id":81,"date":"2023-06-22T13:42:47","date_gmt":"2023-06-22T13:42:47","guid":{"rendered":"https:\/\/deporvida.com.py\/?page_id=81"},"modified":"2023-07-19T12:44:35","modified_gmt":"2023-07-19T12:44:35","slug":"nosotros","status":"publish","type":"page","link":"https:\/\/deporvida.com.py\/index.php\/nosotros\/","title":{"rendered":"Nosotros"},"content":{"rendered":"\t\t<div data-elementor-type=\"wp-page\" data-elementor-id=\"81\" class=\"elementor elementor-81\" data-elementor-post-type=\"page\">\n\t\t\t\t\t\t<section class=\"elementor-section elementor-top-section elementor-element elementor-element-4f5e1280 elementor-section-content-middle elementor-section-boxed elementor-section-height-default elementor-section-height-default\" data-id=\"4f5e1280\" data-element_type=\"section\" data-e-type=\"section\" data-settings=\"{&quot;background_background&quot;:&quot;classic&quot;,&quot;shape_divider_bottom&quot;:&quot;opacity-tilt&quot;}\">\n\t\t\t\t\t<div class=\"elementor-shape elementor-shape-bottom\" aria-hidden=\"true\" data-negative=\"false\">\n\t\t\t<svg xmlns=\"http:\/\/www.w3.org\/2000\/svg\" viewBox=\"0 0 2600 131.1\" preserveAspectRatio=\"none\">\n\t<path class=\"elementor-shape-fill\" d=\"M0 0L2600 0 2600 69.1 0 0z\"\/>\n\t<path class=\"elementor-shape-fill\" style=\"opacity:0.5\" d=\"M0 0L2600 0 2600 69.1 0 69.1z\"\/>\n\t<path class=\"elementor-shape-fill\" style=\"opacity:0.25\" d=\"M2600 0L0 0 0 130.1 2600 69.1z\"\/>\n<\/svg>\t\t<\/div>\n\t\t\t\t\t<div class=\"elementor-container elementor-column-gap-default\">\n\t\t\t\t\t<div class=\"elementor-column elementor-col-50 elementor-top-column elementor-element elementor-element-7f65dd85 elementor-invisible\" data-id=\"7f65dd85\" data-element_type=\"column\" data-e-type=\"column\" data-settings=\"{&quot;background_background&quot;:&quot;classic&quot;,&quot;animation&quot;:&quot;fadeInLeft&quot;,&quot;background_motion_fx_motion_fx_scrolling&quot;:&quot;yes&quot;,&quot;background_motion_fx_translateY_effect&quot;:&quot;yes&quot;,&quot;background_motion_fx_translateY_speed&quot;:{&quot;unit&quot;:&quot;px&quot;,&quot;size&quot;:2.79999999999999982236431605997495353221893310546875,&quot;sizes&quot;:[]},&quot;background_motion_fx_translateY_affectedRange&quot;:{&quot;unit&quot;:&quot;%&quot;,&quot;size&quot;:&quot;&quot;,&quot;sizes&quot;:{&quot;start&quot;:12,&quot;end&quot;:100}},&quot;background_motion_fx_devices&quot;:[&quot;desktop&quot;,&quot;tablet&quot;,&quot;mobile&quot;]}\">\n\t\t\t<div class=\"elementor-widget-wrap elementor-element-populated\">\n\t\t\t\t\t<div class=\"elementor-background-overlay\"><\/div>\n\t\t\t\t\t\t<div class=\"elementor-element elementor-element-f377d1f elementor-widget elementor-widget-heading\" data-id=\"f377d1f\" data-element_type=\"widget\" data-e-type=\"widget\" data-widget_type=\"heading.default\">\n\t\t\t\t<div class=\"elementor-widget-container\">\n\t\t\t\t\t<h1 class=\"elementor-heading-title elementor-size-default\">Nosotros<\/h1>\t\t\t\t<\/div>\n\t\t\t\t<\/div>\n\t\t\t\t\t<\/div>\n\t\t<\/div>\n\t\t\t\t<div class=\"elementor-column elementor-col-50 elementor-top-column elementor-element elementor-element-724729de elementor-invisible\" data-id=\"724729de\" data-element_type=\"column\" data-e-type=\"column\" data-settings=\"{&quot;animation&quot;:&quot;fadeInRight&quot;}\">\n\t\t\t<div class=\"elementor-widget-wrap elementor-element-populated\">\n\t\t\t\t\t\t<div class=\"elementor-element elementor-element-6f285d4e elementor-invisible elementor-widget elementor-widget-text-editor\" data-id=\"6f285d4e\" data-element_type=\"widget\" data-e-type=\"widget\" data-settings=\"{&quot;_animation&quot;:&quot;fadeInRight&quot;}\" data-widget_type=\"text-editor.default\">\n\t\t\t\t<div class=\"elementor-widget-container\">\n\t\t\t\t\t\t\t\t\t<p><strong>\u00bfQu\u00e9 vemos?<\/strong><\/p><p><span style=\"font-weight: 400;\">Vemos a Paraguay y el mundo restaurado a trav\u00e9s del evangelio y el deporte. Seguimos esta visi\u00f3n al proclamar a Jes\u00fas, presentando a los j\u00f3venes deportistas perfectos en \u00e9l como lo describe Pablo en Colosenses 1:28-29.\u00a0<\/span><\/p><p><span style=\"font-weight: 400;\">Logramos esto mediante iglesias y formadores quienes en sus escuelas deportivas aman y forman a los ni\u00f1os y j\u00f3venes deportistas de su comunidad y seguiremos hasta ver una escuela deportiva en cada comunidad.<\/span><\/p><p><strong>\u00bfQu\u00e9 hacemos?<\/strong><\/p><ul><li style=\"font-weight: 400;\" aria-level=\"1\"><span style=\"font-weight: 400;\">Asistimos a escuelas deportivas<\/span><\/li><\/ul><p><span style=\"font-weight: 400;\">Acompa\u00f1amos y brindamos herramientas a iglesias locales que deseen abrir una escuela deportiva para servir a su comunidad. Una escuela deportiva es un lugar de pertenencia y un centro de formaci\u00f3n donde ni\u00f1os y j\u00f3venes tienen la oportunidad de conocer a Jes\u00fas y ser formado de una manera integral.<\/span><\/p><ul><li style=\"font-weight: 400;\" aria-level=\"1\"><span style=\"font-weight: 400;\">Formamos formadores<\/span><\/li><\/ul><p><span style=\"font-weight: 400;\">Capacitamos a agentes formadores quienes deseen utilizar su posici\u00f3n de influencia para dejar un impacto en los j\u00f3venes deportistas. Ense\u00f1amos a hacerlo a trav\u00e9s de la Formaci\u00f3n DEP, una formaci\u00f3n en el \u00e1rea deportiva, espiritual y personal.<\/span><\/p><ul><li style=\"font-weight: 400;\" aria-level=\"1\"><span style=\"font-weight: 400;\">Desarrollamos competencias<\/span><\/li><\/ul><p><span style=\"font-weight: 400;\">Estamos convencidos que la competencia es un factor fundamental en la formaci\u00f3n tanto del deportista como tambi\u00e9n del formador y ayuda a crecer a la escuela deportiva. Hemos creado una estructura de competencias para ayudar a las escuelas deportivas a utilizar la competencia para guiar y formar a los j\u00f3venes deportistas en un desarrollo integral.<\/span><\/p><p><strong>\u00bfCon qui\u00e9nes lo hacemos?<\/strong><\/p><p><span style=\"font-weight: 400;\">Somos un ministerio de la Fundaci\u00f3n Jes\u00fas Responde quien nos ense\u00f1\u00f3 que nuestros aliados principales de la labor evangel\u00edstica son las iglesias locales. Adem\u00e1s de eso lo hacemos en conjunto con organizaciones, empresas e individuos quienes ven en el deporte una oportunidad \u00fanica de proclamar el nombre de Jes\u00fas.<\/span><\/p>\t\t\t\t\t\t\t\t<\/div>\n\t\t\t\t<\/div>\n\t\t\t\t\t<\/div>\n\t\t<\/div>\n\t\t\t\t\t<\/div>\n\t\t<\/section>\n\t\t\t\t<\/div>\n\t\t","protected":false},"excerpt":{"rendered":"<p>Nosotros \u00bfQu\u00e9 vemos? Vemos a Paraguay y el mundo restaurado a trav\u00e9s del evangelio y el deporte. Seguimos esta visi\u00f3n al proclamar a Jes\u00fas, presentando a los j\u00f3venes deportistas perfectos en \u00e9l como lo describe Pablo en Colosenses 1:28-29.\u00a0 Logramos esto mediante iglesias y formadores quienes en sus escuelas deportivas aman y forman a los [&hellip;]<\/p>\n","protected":false},"author":1,"featured_media":0,"parent":0,"menu_order":0,"comment_status":"closed","ping_status":"closed","template":"","meta":{"site-sidebar-layout":"no-sidebar","site-content-layout":"page-builder","ast-site-content-layout":"default","site-content-style":"default","site-sidebar-style":"default","ast-global-header-display":"","ast-banner-title-visibility":"","ast-main-header-display":"","ast-hfb-above-header-display":"","ast-hfb-below-header-display":"","ast-hfb-mobile-header-display":"","site-post-title":"disabled","ast-breadcrumbs-content":"","ast-featured-img":"disabled","footer-sml-layout":"","theme-transparent-header-meta":"","adv-header-id-meta":"","stick-header-meta":"","header-above-stick-meta":"","header-main-stick-meta":"","header-below-stick-meta":"","astra-migrate-meta-layouts":"default","ast-page-background-enabled":"default","ast-page-background-meta":{"desktop":{"background-color":"var(--ast-global-color-4)","background-image":"","background-repeat":"repeat","background-position":"center center","background-size":"auto","background-attachment":"scroll","background-type":"","background-media":"","overlay-type":"","overlay-color":"","overlay-opacity":"","overlay-gradient":""},"tablet":{"background-color":"","background-image":"","background-repeat":"repeat","background-position":"center center","background-size":"auto","background-attachment":"scroll","background-type":"","background-media":"","overlay-type":"","overlay-color":"","overlay-opacity":"","overlay-gradient":""},"mobile":{"background-color":"","background-image":"","background-repeat":"repeat","background-position":"center center","background-size":"auto","background-attachment":"scroll","background-type":"","background-media":"","overlay-type":"","overlay-color":"","overlay-opacity":"","overlay-gradient":""}},"ast-content-background-meta":{"desktop":{"background-color":"var(--ast-global-color-5)","background-image":"","background-repeat":"repeat","background-position":"center center","background-size":"auto","background-attachment":"scroll","background-type":"","background-media":"","overlay-type":"","overlay-color":"","overlay-opacity":"","overlay-gradient":""},"tablet":{"background-color":"var(--ast-global-color-5)","background-image":"","background-repeat":"repeat","background-position":"center center","background-size":"auto","background-attachment":"scroll","background-type":"","background-media":"","overlay-type":"","overlay-color":"","overlay-opacity":"","overlay-gradient":""},"mobile":{"background-color":"var(--ast-global-color-5)","background-image":"","background-repeat":"repeat","background-position":"center center","background-size":"auto","background-attachment":"scroll","background-type":"","background-media":"","overlay-type":"","overlay-color":"","overlay-opacity":"","overlay-gradient":""}},"footnotes":""},"class_list":["post-81","page","type-page","status-publish","hentry"],"_links":{"self":[{"href":"https:\/\/deporvida.com.py\/index.php\/wp-json\/wp\/v2\/pages\/81","targetHints":{"allow":["GET"]}}],"collection":[{"href":"https:\/\/deporvida.com.py\/index.php\/wp-json\/wp\/v2\/pages"}],"about":[{"href":"https:\/\/deporvida.com.py\/index.php\/wp-json\/wp\/v2\/types\/page"}],"author":[{"embeddable":true,"href":"https:\/\/deporvida.com.py\/index.php\/wp-json\/wp\/v2\/users\/1"}],"replies":[{"embeddable":true,"href":"https:\/\/deporvida.com.py\/index.php\/wp-json\/wp\/v2\/comments?post=81"}],"version-history":[{"count":67,"href":"https:\/\/deporvida.com.py\/index.php\/wp-json\/wp\/v2\/pages\/81\/revisions"}],"predecessor-version":[{"id":976,"href":"https:\/\/deporvida.com.py\/index.php\/wp-json\/wp\/v2\/pages\/81\/revisions\/976"}],"wp:attachment":[{"href":"https:\/\/deporvida.com.py\/index.php\/wp-json\/wp\/v2\/media?parent=81"}],"curies":[{"name":"wp","href":"https:\/\/api.w.org\/{rel}","templated":true}]}}